{"id":70652,"date":"2022-01-25T19:29:53","date_gmt":"2022-01-25T19:29:53","guid":{"rendered":"https:\/\/contractorsliability.com\/privacy\/"},"modified":"2026-03-04T16:35:14","modified_gmt":"2026-03-04T22:35:14","slug":"privacy","status":"publish","type":"page","link":"https:\/\/contractorsliability.com\/es\/privacy\/","title":{"rendered":"Pol\u00edtica de Privacidad"},"content":{"rendered":"\t\t<div data-elementor-type=\"wp-page\" data-elementor-id=\"70652\" class=\"elementor elementor-70652 elementor-66606\" data-elementor-post-type=\"page\">\n\t\t\t\t<div class=\"elementor-element elementor-element-46e7311 e-flex e-con-boxed e-con e-parent\" data-id=\"46e7311\" data-element_type=\"container\" data-e-type=\"container\">\n\t\t\t\t\t<div class=\"e-con-inner\">\n\t\t\t\t<div class=\"elementor-element elementor-element-9131dfc elementor-widget elementor-widget-heading\" data-id=\"9131dfc\" data-element_type=\"widget\" data-e-type=\"widget\" data-widget_type=\"heading.default\">\n\t\t\t\t\t<h1 class=\"elementor-heading-title elementor-size-default\">Pol\u00edtica de Privacidad<\/h1>\t\t\t\t<\/div>\n\t\t<div class=\"elementor-element elementor-element-8ac3795 e-con-full e-flex e-con e-child\" data-id=\"8ac3795\" data-element_type=\"container\" data-e-type=\"container\">\n\t\t\t\t<div class=\"elementor-element elementor-element-6ba5c38 mb-0 elementor-widget-tablet__width-inherit elementor-widget elementor-widget-text-editor\" data-id=\"6ba5c38\" data-element_type=\"widget\" data-e-type=\"widget\" data-widget_type=\"text-editor.default\">\n\t\t\t\t\t\t\t\t\t<p class=\"heroText\">Pol\u00edtica de privacidad para\u00a0<a href=\"https:\/\/contractorsliability.com\/es\/\">https:\/\/contractorsliability.com<\/a><\/p>\n<p class=\"heroText\">La privacidad de nuestros visitantes a https:\/\/contractorsliability.com es importante para nosotros.<\/p>\n<p class=\"heroText\">En https:\/\/contractorsliability.com, reconocemos que la privacidad de su informaci\u00f3n personal es importante.<\/p>\n<p class=\"heroText\">A continuaci\u00f3n le informamos sobre el tipo de informaci\u00f3n personal que recibimos y recopilamos cuando usted utiliza y visita https:\/\/contractorsliability.com, y c\u00f3mo protegemos su informaci\u00f3n. Nunca vendemos su informaci\u00f3n personal a terceros.<\/p>\t\t\t\t\t\t\t\t<\/div>\n\t\t\t\t<\/div>\n\t\t<div class=\"elementor-element elementor-element-8c6d511 e-con-full e-flex e-con e-child\" data-id=\"8c6d511\" data-element_type=\"container\" data-e-type=\"container\">\n\t\t\t\t<div class=\"elementor-element elementor-element-7c30a2b btm-line elementor-widget elementor-widget-heading\" data-id=\"7c30a2b\" data-element_type=\"widget\" data-e-type=\"widget\" data-widget_type=\"heading.default\">\n\t\t\t\t\t<h2 class=\"elementor-heading-title elementor-size-default\">Log Files As With Most Other Websites<\/h2>\t\t\t\t<\/div>\n\t\t\t\t<div class=\"elementor-element elementor-element-f895241 mb-0 elementor-widget-tablet__width-inherit elementor-widget elementor-widget-text-editor\" data-id=\"f895241\" data-element_type=\"widget\" data-e-type=\"widget\" data-widget_type=\"text-editor.default\">\n\t\t\t\t\t\t\t\t\t<p>Al igual que la mayor\u00eda de otros sitios web,recopilamos y utilizamos los datos contenidos en los archivos de registro. La informaci\u00f3n en los archivos de registro incluye su direcci\u00f3n IP (protocolo de Internet), suISP (proveedor de servicios de Internet, como AOL o Shaw Cable), el navegador que utiliz\u00f3 para visitar nuestro sitio (como Internet Explorer o Firefox), la hora en la que visit\u00f3 nuestro sitio y las p\u00e1ginas visit\u00f3 en el mismo.<\/p>\t\t\t\t\t\t\t\t<\/div>\n\t\t\t\t<\/div>\n\t\t<div class=\"elementor-element elementor-element-08c99c1 e-con-full e-flex e-con e-child\" data-id=\"08c99c1\" data-element_type=\"container\" data-e-type=\"container\">\n\t\t\t\t<div class=\"elementor-element elementor-element-11ec73d btm-line elementor-widget elementor-widget-heading\" data-id=\"11ec73d\" data-element_type=\"widget\" data-e-type=\"widget\" data-widget_type=\"heading.default\">\n\t\t\t\t\t<h2 class=\"elementor-heading-title elementor-size-default\">Cookies And Web Beacons<\/h2>\t\t\t\t<\/div>\n\t\t\t\t<div class=\"elementor-element elementor-element-3b09004 mb-16 elementor-widget-tablet__width-inherit elementor-widget elementor-widget-text-editor\" data-id=\"3b09004\" data-element_type=\"widget\" data-e-type=\"widget\" data-widget_type=\"text-editor.default\">\n\t\t\t\t\t\t\t\t\t<p class=\"heroText\">Utilizamos cookies para almacenar informaci\u00f3n, como sus preferencias personales cuando visita nuestro sitio. Esto podr\u00eda ser s\u00f3lo mostrarle una ventana emergente por una ocasi\u00f3n en su visita, o la posibilidad de iniciar sesi\u00f3n en algunas de nuestras funciones, como foros.<\/p>\n<p class=\"heroText\">Tambi\u00e9n utilizamos anuncios de terceros en https:\/\/contractorsliability.com\/ para respaldar nuestro sitio. Algunos de estos anunciantes pueden usar tecnolog\u00eda como cookies y web beacons cuando se anuncian en nuestro sitio, los cuales tambi\u00e9n les enviar\u00e1n a estos anunciantes (como Google a trav\u00e9s del programa Google AdSense) informaci\u00f3n que incluye su direcci\u00f3n IP, su ISP, el navegador que us\u00f3 para visitar nuestro sitio, y en algunos casos, si tiene o no instalado Flash. Esto generalmente se usa con fines de segmentaci\u00f3n geogr\u00e1fica (por ejemplo mostrar anuncios inmobiliarios de Nueva York a alguien en Nueva York) o mostrar ciertos anuncios basados espec\u00edficamente en sitios previamente visitados (como mostrar anuncios de cocina a alguien que frecuenta sitios de cocina).<\/p>\t\t\t\t\t\t\t\t<\/div>\n\t\t\t\t<\/div>\n\t\t<div class=\"elementor-element elementor-element-7812f5f e-con-full e-flex e-con e-child\" data-id=\"7812f5f\" data-element_type=\"container\" data-e-type=\"container\">\n\t\t\t\t<div class=\"elementor-element elementor-element-6b870cf btm-line elementor-widget elementor-widget-heading\" data-id=\"6b870cf\" data-element_type=\"widget\" data-e-type=\"widget\" data-widget_type=\"heading.default\">\n\t\t\t\t\t<h2 class=\"elementor-heading-title elementor-size-default\">DoubleClick DART Cookies<\/h2>\t\t\t\t<\/div>\n\t\t\t\t<div class=\"elementor-element elementor-element-73a284c mb-16 elementor-widget-tablet__width-inherit elementor-widget elementor-widget-text-editor\" data-id=\"73a284c\" data-element_type=\"widget\" data-e-type=\"widget\" data-widget_type=\"text-editor.default\">\n\t\t\t\t\t\t\t\t\t<p class=\"heroText\">Tambi\u00e9n podr\u00edamos usar cookies de DART para publicar anuncios a trav\u00e9s de DoubleClick de Google, que coloca una cookie en su computador acuando navega por la web y visita un sitio que usa publicidad de DoubleClick (incluidos algunos anuncios de Google AdSense). Esta cookie se utiliza para mostrarle anuncios espec\u00edficos para usted y sus intereses (\u201corientaci\u00f3n basada en intereses\u201d). Los anuncios mostrados se orientar\u00e1n en funci\u00f3n de su historial de navegaci\u00f3n (por ejemplo, si ha estado viendo sitios sobre viajar a Las Vegas, es posible que vea anuncios de hoteles en Las Vegas cuando vea otro sitio no relacionado, como un sitio sobre hockey por ejemplo). DART utiliza \u201cinformaci\u00f3n no identificable personalmente\u201d. NO rastrea informaci\u00f3n personal sobre usted, como su nombre, direcci\u00f3n de correo electr\u00f3nico,direcci\u00f3n f\u00edsica, n\u00famero de tel\u00e9fono, n\u00fameros de seguridad social, n\u00fameros de cuentas bancarias o n\u00fameros de tarjetas de cr\u00e9dito. Puede darse de baja de estos servicios publicitarios de anuncios en todos los sitios que utilizan esta publicidad visitando http:\/\/www.doubleclick.com\/privacy\/dart_adserving.aspx<\/p>\n<p class=\"heroText\">Puede elegir deshabilitar o desactivar selectivamente nuestras cookies o cookies de terceros en la configuraci\u00f3n de su navegador, o administrando las preferencias en programas tales como Norton Internet Security. Sin embargo, esto puede afectar la forma en que puede interactuar con nuestro sitio, as\u00ed como con otros sitios web. Esto podr\u00eda incluir la imposibilidad de iniciar sesi\u00f3n en servicios o programas, como iniciar sesi\u00f3n en foros o cuentas.<\/p>\n<p class=\"heroText\">Eliminar cookies no significa que permanentemente se haya excluido de ning\u00fan programa publicitario. A menos que tenga configuraciones que no permitan las cookies,la pr\u00f3xima vez que visite un sitio que contenga los anuncios, se agregar\u00e1 una nueva cookie.<\/p>\t\t\t\t\t\t\t\t<\/div>\n\t\t\t\t<\/div>\n\t\t<div class=\"elementor-element elementor-element-d86a03a e-con-full e-flex e-con e-child\" data-id=\"d86a03a\" data-element_type=\"container\" data-e-type=\"container\">\n\t\t\t\t<div class=\"elementor-element elementor-element-2ae2d60 btm-line elementor-widget elementor-widget-heading\" data-id=\"2ae2d60\" data-element_type=\"widget\" data-e-type=\"widget\" data-widget_type=\"heading.default\">\n\t\t\t\t\t<h2 class=\"elementor-heading-title elementor-size-default\">Microsoft Clarity y Microsoft Advertising<\/h2>\t\t\t\t<\/div>\n\t\t\t\t<div class=\"elementor-element elementor-element-5b75415 mb-16 elementor-widget-tablet__width-inherit elementor-widget elementor-widget-text-editor\" data-id=\"5b75415\" data-element_type=\"widget\" data-e-type=\"widget\" data-widget_type=\"text-editor.default\">\n\t\t\t\t\t\t\t\t\t<p>Nos asociamos con Microsoft Clarity y Microsoft Advertising para capturar c\u00f3mo utilizas e interact\u00faas con nuestro sitio web a trav\u00e9s de m\u00e9tricas de comportamiento, mapas de calor y reproducci\u00f3n de sesiones para mejorar y comercializar nuestros productos\/servicios. Los datos de uso del sitio web se capturan mediante cookies propias y de terceros y otras tecnolog\u00edas de seguimiento para determinar la popularidad de los productos\/servicios y la actividad en l\u00ednea. Adem\u00e1s, utilizamos esta informaci\u00f3n para la optimizaci\u00f3n del sitio, con fines de prevenci\u00f3n de fraudes y seguridad y publicidad. Para obtener m\u00e1s informaci\u00f3n sobre c\u00f3mo Microsoft recopila y utiliza sus datos, visite la Declaraci\u00f3n de privacidad de Microsoft.<\/p>\t\t\t\t\t\t\t\t<\/div>\n\t\t\t\t<\/div>\n\t\t<div class=\"elementor-element elementor-element-93950c2 e-con-full e-flex e-con e-child\" data-id=\"93950c2\" data-element_type=\"container\" data-e-type=\"container\">\n\t\t\t\t<div class=\"elementor-element elementor-element-e250715 btm-line elementor-widget elementor-widget-heading\" data-id=\"e250715\" data-element_type=\"widget\" data-e-type=\"widget\" data-widget_type=\"heading.default\">\n\t\t\t\t\t<h2 class=\"elementor-heading-title elementor-size-default\">Mensajes de texto\/SMS<\/h2>\t\t\t\t<\/div>\n\t\t\t\t<div class=\"elementor-element elementor-element-0e76a6f mb-16 elementor-widget-tablet__width-inherit elementor-widget elementor-widget-text-editor\" data-id=\"0e76a6f\" data-element_type=\"widget\" data-e-type=\"widget\" data-widget_type=\"text-editor.default\">\n\t\t\t\t\t\t\t\t\t<p class=\"heroText\">La Agencia (empleados u otras personas en nombre de la Agencia) pueden enviar mensajes de texto en varios formatos y con diversos contenidos, incluidos, entre otros, mensajes de texto sobre p\u00f3lizas de seguro y otras transacciones iniciadas por Usted o sobre la comercializaci\u00f3n de los productos y servicios ofrecidos por o a trav\u00e9s de la Agencia.<\/p>\n<p class=\"heroText\">Usted es el propietario o usuario autorizado del n\u00famero de tel\u00e9fono m\u00f3vil identificado a continuaci\u00f3n. Nos notificar\u00e1 de inmediato si ya no es el propietario o usuario autorizado del n\u00famero de tel\u00e9fono m\u00f3vil identificado a continuaci\u00f3n. Usted es el \u00fanico responsable de los cargos por mensajes y datos asociados con dichos mensajes de texto.<\/p>\n<p class=\"heroText\">Para cancelar su suscripci\u00f3n en cualquier momento, env\u00ede un mensaje de texto con la palabra STOP a la Agencia y ser\u00e1 eliminado de nuestra lista de suscripci\u00f3n. Para recibir mensajes en el futuro, deber\u00e1 volver a enviar el formulario de suscripci\u00f3n.<\/p>\n<p class=\"heroText\">El consentimiento para recibir mensajes de texto y los n\u00fameros de tel\u00e9fono de contacto no se compartir\u00e1n ni vender\u00e1n a terceros ni a afiliados para ning\u00fan prop\u00f3sito ni bajo ninguna circunstancia.<\/p>\t\t\t\t\t\t\t\t<\/div>\n\t\t\t\t<\/div>\n\t\t\t\t\t<\/div>\n\t\t\t\t<\/div>\n\t\t\t\t<\/div>\n\t\t","protected":false},"excerpt":{"rendered":"<p>Pol\u00edtica de Privacidad Pol\u00edtica de privacidad para\u00a0https:\/\/contractorsliability.com La privacidad de nuestros visitantes a https:\/\/contractorsliability.com es importante para nosotros. En https:\/\/contractorsliability.com, reconocemos que la privacidad de su informaci\u00f3n personal es importante. A continuaci\u00f3n le informamos sobre el tipo de informaci\u00f3n personal que recibimos y recopilamos cuando usted utiliza y visita https:\/\/contractorsliability.com, y c\u00f3mo protegemos su informaci\u00f3n. [&hellip;]<\/p>\n","protected":false},"author":3,"featured_media":0,"parent":0,"menu_order":0,"comment_status":"closed","ping_status":"closed","template":"","meta":{"inline_featured_image":false,"footnotes":""},"class_list":["post-70652","page","type-page","status-publish","hentry"],"yoast_head":"<!-- This site is optimized with the Yoast SEO Premium plugin v27.4 (Yoast SEO v27.5) - https:\/\/yoast.com\/product\/yoast-seo-premium-wordpress\/ -->\n<title>Pol\u00edtica de Privacidad - Contractors Liability<\/title>\n<meta name=\"description\" content=\"En Contractors Liability, sabemos que la privacidad de su informaci\u00f3n personal es importante. A continuaci\u00f3n describimos qu\u00e9 tipo de informaci\u00f3n personal recibimos y recopilamos\" \/>\n<meta name=\"robots\" content=\"index, follow, max-snippet:-1, max-image-preview:large, max-video-preview:-1\" \/>\n<link rel=\"canonical\" href=\"https:\/\/contractorsliability.com\/es\/privacy\/\" \/>\n<meta property=\"og:locale\" content=\"es_ES\" \/>\n<meta property=\"og:type\" content=\"article\" \/>\n<meta property=\"og:title\" content=\"Pol\u00edtica de Privacidad\" \/>\n<meta property=\"og:description\" content=\"En Contractors Liability, sabemos que la privacidad de su informaci\u00f3n personal es importante. A continuaci\u00f3n describimos qu\u00e9 tipo de informaci\u00f3n personal recibimos y recopilamos\" \/>\n<meta property=\"og:url\" content=\"https:\/\/contractorsliability.com\/es\/privacy\/\" \/>\n<meta property=\"og:site_name\" content=\"Contractors Liability\" \/>\n<meta property=\"article:modified_time\" content=\"2026-03-04T22:35:14+00:00\" \/>\n<meta name=\"twitter:card\" content=\"summary_large_image\" \/>\n<script type=\"application\/ld+json\" class=\"yoast-schema-graph\">{\"@context\":\"https:\\\/\\\/schema.org\",\"@graph\":[{\"@type\":\"WebPage\",\"@id\":\"https:\\\/\\\/contractorsliability.com\\\/es\\\/privacy\\\/\",\"url\":\"https:\\\/\\\/contractorsliability.com\\\/es\\\/privacy\\\/\",\"name\":\"Pol\u00edtica de Privacidad - Contractors Liability\",\"isPartOf\":{\"@id\":\"https:\\\/\\\/contractorsliability.com\\\/es\\\/#website\"},\"datePublished\":\"2022-01-25T19:29:53+00:00\",\"dateModified\":\"2026-03-04T22:35:14+00:00\",\"description\":\"En Contractors Liability, sabemos que la privacidad de su informaci\u00f3n personal es importante. A continuaci\u00f3n describimos qu\u00e9 tipo de informaci\u00f3n personal recibimos y recopilamos\",\"breadcrumb\":{\"@id\":\"https:\\\/\\\/contractorsliability.com\\\/es\\\/privacy\\\/#breadcrumb\"},\"inLanguage\":\"es\",\"potentialAction\":[{\"@type\":\"ReadAction\",\"target\":[\"https:\\\/\\\/contractorsliability.com\\\/es\\\/privacy\\\/\"]}]},{\"@type\":\"BreadcrumbList\",\"@id\":\"https:\\\/\\\/contractorsliability.com\\\/es\\\/privacy\\\/#breadcrumb\",\"itemListElement\":[{\"@type\":\"ListItem\",\"position\":1,\"name\":\"Home\",\"item\":\"https:\\\/\\\/contractorsliability.com\\\/es\\\/\"},{\"@type\":\"ListItem\",\"position\":2,\"name\":\"Pol\u00edtica de Privacidad\"}]},{\"@type\":\"WebSite\",\"@id\":\"https:\\\/\\\/contractorsliability.com\\\/es\\\/#website\",\"url\":\"https:\\\/\\\/contractorsliability.com\\\/es\\\/\",\"name\":\"Contractors Liability\",\"description\":\"\",\"publisher\":{\"@id\":\"https:\\\/\\\/contractorsliability.com\\\/es\\\/#organization\"},\"potentialAction\":[{\"@type\":\"SearchAction\",\"target\":{\"@type\":\"EntryPoint\",\"urlTemplate\":\"https:\\\/\\\/contractorsliability.com\\\/es\\\/?s={search_term_string}\"},\"query-input\":{\"@type\":\"PropertyValueSpecification\",\"valueRequired\":true,\"valueName\":\"search_term_string\"}}],\"inLanguage\":\"es\"},{\"@type\":\"Organization\",\"@id\":\"https:\\\/\\\/contractorsliability.com\\\/es\\\/#organization\",\"name\":\"Contractors Liability Insurance\",\"url\":\"https:\\\/\\\/contractorsliability.com\\\/es\\\/\",\"logo\":{\"@type\":\"ImageObject\",\"inLanguage\":\"es\",\"@id\":\"https:\\\/\\\/contractorsliability.com\\\/es\\\/#\\\/schema\\\/logo\\\/image\\\/\",\"url\":\"https:\\\/\\\/contractorsliability.com\\\/wp-content\\\/uploads\\\/Logo-Contractors-Liability-Big.png\",\"contentUrl\":\"https:\\\/\\\/contractorsliability.com\\\/wp-content\\\/uploads\\\/Logo-Contractors-Liability-Big.png\",\"width\":406,\"height\":150,\"caption\":\"Contractors Liability Insurance\"},\"image\":{\"@id\":\"https:\\\/\\\/contractorsliability.com\\\/es\\\/#\\\/schema\\\/logo\\\/image\\\/\"}}]}<\/script>\n<!-- \/ Yoast SEO Premium plugin. -->","yoast_head_json":{"title":"Pol\u00edtica de Privacidad - Contractors Liability","description":"En Contractors Liability, sabemos que la privacidad de su informaci\u00f3n personal es importante. A continuaci\u00f3n describimos qu\u00e9 tipo de informaci\u00f3n personal recibimos y recopilamos","robots":{"index":"index","follow":"follow","max-snippet":"max-snippet:-1","max-image-preview":"max-image-preview:large","max-video-preview":"max-video-preview:-1"},"canonical":"https:\/\/contractorsliability.com\/es\/privacy\/","og_locale":"es_ES","og_type":"article","og_title":"Pol\u00edtica de Privacidad","og_description":"En Contractors Liability, sabemos que la privacidad de su informaci\u00f3n personal es importante. A continuaci\u00f3n describimos qu\u00e9 tipo de informaci\u00f3n personal recibimos y recopilamos","og_url":"https:\/\/contractorsliability.com\/es\/privacy\/","og_site_name":"Contractors Liability","article_modified_time":"2026-03-04T22:35:14+00:00","twitter_card":"summary_large_image","schema":{"@context":"https:\/\/schema.org","@graph":[{"@type":"WebPage","@id":"https:\/\/contractorsliability.com\/es\/privacy\/","url":"https:\/\/contractorsliability.com\/es\/privacy\/","name":"Pol\u00edtica de Privacidad - Contractors Liability","isPartOf":{"@id":"https:\/\/contractorsliability.com\/es\/#website"},"datePublished":"2022-01-25T19:29:53+00:00","dateModified":"2026-03-04T22:35:14+00:00","description":"En Contractors Liability, sabemos que la privacidad de su informaci\u00f3n personal es importante. A continuaci\u00f3n describimos qu\u00e9 tipo de informaci\u00f3n personal recibimos y recopilamos","breadcrumb":{"@id":"https:\/\/contractorsliability.com\/es\/privacy\/#breadcrumb"},"inLanguage":"es","potentialAction":[{"@type":"ReadAction","target":["https:\/\/contractorsliability.com\/es\/privacy\/"]}]},{"@type":"BreadcrumbList","@id":"https:\/\/contractorsliability.com\/es\/privacy\/#breadcrumb","itemListElement":[{"@type":"ListItem","position":1,"name":"Home","item":"https:\/\/contractorsliability.com\/es\/"},{"@type":"ListItem","position":2,"name":"Pol\u00edtica de Privacidad"}]},{"@type":"WebSite","@id":"https:\/\/contractorsliability.com\/es\/#website","url":"https:\/\/contractorsliability.com\/es\/","name":"Contractors Liability","description":"","publisher":{"@id":"https:\/\/contractorsliability.com\/es\/#organization"},"potentialAction":[{"@type":"SearchAction","target":{"@type":"EntryPoint","urlTemplate":"https:\/\/contractorsliability.com\/es\/?s={search_term_string}"},"query-input":{"@type":"PropertyValueSpecification","valueRequired":true,"valueName":"search_term_string"}}],"inLanguage":"es"},{"@type":"Organization","@id":"https:\/\/contractorsliability.com\/es\/#organization","name":"Contractors Liability Insurance","url":"https:\/\/contractorsliability.com\/es\/","logo":{"@type":"ImageObject","inLanguage":"es","@id":"https:\/\/contractorsliability.com\/es\/#\/schema\/logo\/image\/","url":"https:\/\/contractorsliability.com\/wp-content\/uploads\/Logo-Contractors-Liability-Big.png","contentUrl":"https:\/\/contractorsliability.com\/wp-content\/uploads\/Logo-Contractors-Liability-Big.png","width":406,"height":150,"caption":"Contractors Liability Insurance"},"image":{"@id":"https:\/\/contractorsliability.com\/es\/#\/schema\/logo\/image\/"}}]}},"_links":{"self":[{"href":"https:\/\/contractorsliability.com\/es\/wp-json\/wp\/v2\/pages\/70652","targetHints":{"allow":["GET"]}}],"collection":[{"href":"https:\/\/contractorsliability.com\/es\/wp-json\/wp\/v2\/pages"}],"about":[{"href":"https:\/\/contractorsliability.com\/es\/wp-json\/wp\/v2\/types\/page"}],"author":[{"embeddable":true,"href":"https:\/\/contractorsliability.com\/es\/wp-json\/wp\/v2\/users\/3"}],"replies":[{"embeddable":true,"href":"https:\/\/contractorsliability.com\/es\/wp-json\/wp\/v2\/comments?post=70652"}],"version-history":[{"count":5,"href":"https:\/\/contractorsliability.com\/es\/wp-json\/wp\/v2\/pages\/70652\/revisions"}],"predecessor-version":[{"id":137459,"href":"https:\/\/contractorsliability.com\/es\/wp-json\/wp\/v2\/pages\/70652\/revisions\/137459"}],"wp:attachment":[{"href":"https:\/\/contractorsliability.com\/es\/wp-json\/wp\/v2\/media?parent=70652"}],"curies":[{"name":"wp","href":"https:\/\/api.w.org\/{rel}","templated":true}]}}